{"id":2909,"date":"2024-11-15T12:40:54","date_gmt":"2024-11-15T12:40:54","guid":{"rendered":"https:\/\/www.ozeol.com\/?page_id=2909"},"modified":"2025-10-29T10:24:00","modified_gmt":"2025-10-29T10:24:00","slug":"csr","status":"publish","type":"page","link":"https:\/\/www.ozeol.com\/es\/csr\/","title":{"rendered":"RSC"},"content":{"rendered":"<div data-elementor-type=\"wp-page\" data-elementor-id=\"2909\" class=\"elementor elementor-2909\" data-elementor-post-type=\"page\">\n\t\t\t\t<div class=\"elementor-element elementor-element-202fe08 e-flex e-con-boxed e-con e-parent\" data-id=\"202fe08\" data-element_type=\"container\" data-e-type=\"container\">\n\t\t\t\t\t<div class=\"e-con-inner\">\n\t\t\t\t<div class=\"elementor-element elementor-element-ded4336 elementor-widget elementor-widget-spacer\" data-id=\"ded4336\" data-element_type=\"widget\" data-e-type=\"widget\" data-widget_type=\"spacer.default\">\n\t\t\t\t<div class=\"elementor-widget-container\">\n\t\t\t\t\t\t\t<div class=\"elementor-spacer\">\n\t\t\t<div class=\"elementor-spacer-inner\"><\/div>\n\t\t<\/div>\n\t\t\t\t\t\t<\/div>\n\t\t\t\t<\/div>\n\t\t\t\t\t<\/div>\n\t\t\t\t<\/div>\n\t\t<div class=\"elementor-element elementor-element-63aa35b e-flex e-con-boxed e-con e-parent\" data-id=\"63aa35b\" data-element_type=\"container\" data-e-type=\"container\">\n\t\t\t\t\t<div class=\"e-con-inner\">\n\t\t<div class=\"elementor-element elementor-element-73250b6 e-con-full e-flex e-con e-child\" data-id=\"73250b6\" data-element_type=\"container\" data-e-type=\"container\">\n\t\t\t\t<div class=\"elementor-element elementor-element-0b5be57 elementor-widget elementor-widget-text-editor\" data-id=\"0b5be57\" data-element_type=\"widget\" data-e-type=\"widget\" data-widget_type=\"text-editor.default\">\n\t\t\t\t<div class=\"elementor-widget-container\">\n\t\t\t\t\t\t\t\t\t<p><strong>En Ozeol, nuestro compromiso con la responsabilidad social y medioambiental est\u00e1 en el coraz\u00f3n de nuestra misi\u00f3n y principios.<\/strong><\/p><p>Creemos firmemente que el \u00e9xito de una empresa no se mide \u00fanicamente por sus resultados econ\u00f3micos, sino tambi\u00e9n por su impacto positivo en el medio ambiente y la sociedad; por eso incorporamos pr\u00e1cticas sostenibles y \u00e9ticas en todas nuestras acciones. Trabajamos para reducir nuestra huella medioambiental y apoyando a nuestros colaboradores.<\/p><p><strong>Nuestros valores de transparencia, respeto y solidaridad gu\u00edan todas nuestras decisiones con el objetivo de construir un futuro m\u00e1s justo y sostenible para todo el mundo.<\/strong><\/p><p>Nuestro enfoque de la responsabilidad social y medioambiental se basa en tres pilares fundamentales:<\/p>\t\t\t\t\t\t\t\t<\/div>\n\t\t\t\t<\/div>\n\t\t\t\t<\/div>\n\t\t\t\t\t<\/div>\n\t\t\t\t<\/div>\n\t\t<div class=\"elementor-element elementor-element-2363006 e-flex e-con-boxed e-con e-parent\" data-id=\"2363006\" data-element_type=\"container\" data-e-type=\"container\">\n\t\t\t\t\t<div class=\"e-con-inner\">\n\t\t\t\t<div class=\"elementor-element elementor-element-6b9c59c elementor-widget elementor-widget-spacer\" data-id=\"6b9c59c\" data-element_type=\"widget\" data-e-type=\"widget\" data-widget_type=\"spacer.default\">\n\t\t\t\t<div class=\"elementor-widget-container\">\n\t\t\t\t\t\t\t<div class=\"elementor-spacer\">\n\t\t\t<div class=\"elementor-spacer-inner\"><\/div>\n\t\t<\/div>\n\t\t\t\t\t\t<\/div>\n\t\t\t\t<\/div>\n\t\t\t\t\t<\/div>\n\t\t\t\t<\/div>\n\t\t<div class=\"elementor-element elementor-element-fc4fb3c e-flex e-con-boxed e-con e-parent\" data-id=\"fc4fb3c\" data-element_type=\"container\" data-e-type=\"container\">\n\t\t\t\t\t<div class=\"e-con-inner\">\n\t\t<div class=\"elementor-element elementor-element-3bba4e1 e-con-full e-flex e-con e-child\" data-id=\"3bba4e1\" data-element_type=\"container\" data-e-type=\"container\">\n\t\t\t\t<div class=\"elementor-element elementor-element-d9986e9 elementor-widget elementor-widget-image\" data-id=\"d9986e9\" data-element_type=\"widget\" data-e-type=\"widget\" data-widget_type=\"image.default\">\n\t\t\t\t<div class=\"elementor-widget-container\">\n\t\t\t\t\t\t\t\t\t\t\t\t\t\t\t<img fetchpriority=\"high\" decoding=\"async\" width=\"370\" height=\"300\" src=\"https:\/\/www.ozeol.com\/wp-content\/uploads\/2024\/11\/Commitment-to-Sustainability-1-png.webp\" class=\"attachment-large size-large wp-image-3092\" alt=\"\" srcset=\"https:\/\/www.ozeol.com\/wp-content\/uploads\/2024\/11\/Commitment-to-Sustainability-1-png.webp 370w, https:\/\/www.ozeol.com\/wp-content\/uploads\/2024\/11\/Commitment-to-Sustainability-1-300x243.webp 300w\" sizes=\"(max-width: 370px) 100vw, 370px\" \/>\t\t\t\t\t\t\t\t\t\t\t\t\t\t\t<\/div>\n\t\t\t\t<\/div>\n\t\t\t\t<\/div>\n\t\t<div class=\"elementor-element elementor-element-6e30495 e-con-full e-flex e-con e-child\" data-id=\"6e30495\" data-element_type=\"container\" data-e-type=\"container\">\n\t\t\t\t<div class=\"elementor-element elementor-element-c781528 elementor-widget elementor-widget-text-editor\" data-id=\"c781528\" data-element_type=\"widget\" data-e-type=\"widget\" data-widget_type=\"text-editor.default\">\n\t\t\t\t<div class=\"elementor-widget-container\">\n\t\t\t\t\t\t\t\t\t<p><strong>Compromiso con la sostenibilidad:<\/strong>\u00a0En Ozeol hacemos todo lo posible por reducir nuestra huella medioambiental y promover pr\u00e1cticas sostenibles en todas las fases de nuestras operaciones. Esto incluye la gesti\u00f3n responsable de los recursos, la selecci\u00f3n de materiales ecol\u00f3gicos y el desarrollo de iniciativas para minimizar los residuos. Nos asociamos con proveedores comprometidos para ofrecer soluciones innovadoras y respetuosas con el medio ambiente, porque creemos que juntos podemos contribuir a un futuro m\u00e1s sostenible.<\/p>\t\t\t\t\t\t\t\t<\/div>\n\t\t\t\t<\/div>\n\t\t\t\t<\/div>\n\t\t\t\t\t<\/div>\n\t\t\t\t<\/div>\n\t\t<div class=\"elementor-element elementor-element-3c585ba e-flex e-con-boxed e-con e-parent\" data-id=\"3c585ba\" data-element_type=\"container\" data-e-type=\"container\">\n\t\t\t\t\t<div class=\"e-con-inner\">\n\t\t<div class=\"elementor-element elementor-element-5041268 e-con-full e-flex e-con e-child\" data-id=\"5041268\" data-element_type=\"container\" data-e-type=\"container\">\n\t\t\t\t<div class=\"elementor-element elementor-element-8eb76bc elementor-widget elementor-widget-image\" data-id=\"8eb76bc\" data-element_type=\"widget\" data-e-type=\"widget\" data-widget_type=\"image.default\">\n\t\t\t\t<div class=\"elementor-widget-container\">\n\t\t\t\t\t\t\t\t\t\t\t\t\t\t\t<img decoding=\"async\" width=\"370\" height=\"300\" src=\"https:\/\/www.ozeol.com\/wp-content\/uploads\/2024\/11\/Social-Responsibility-1-png.webp\" class=\"attachment-large size-large wp-image-3093\" alt=\"\" srcset=\"https:\/\/www.ozeol.com\/wp-content\/uploads\/2024\/11\/Social-Responsibility-1-png.webp 370w, https:\/\/www.ozeol.com\/wp-content\/uploads\/2024\/11\/Social-Responsibility-1-300x243.webp 300w\" sizes=\"(max-width: 370px) 100vw, 370px\" \/>\t\t\t\t\t\t\t\t\t\t\t\t\t\t\t<\/div>\n\t\t\t\t<\/div>\n\t\t\t\t<\/div>\n\t\t<div class=\"elementor-element elementor-element-ea732c6 e-con-full e-flex e-con e-child\" data-id=\"ea732c6\" data-element_type=\"container\" data-e-type=\"container\">\n\t\t\t\t<div class=\"elementor-element elementor-element-84ba83c elementor-widget elementor-widget-text-editor\" data-id=\"84ba83c\" data-element_type=\"widget\" data-e-type=\"widget\" data-widget_type=\"text-editor.default\">\n\t\t\t\t<div class=\"elementor-widget-container\">\n\t\t\t\t\t\t\t\t\t<p><strong>Responsabilidad Social:<\/strong>\u00a0Nos dedicamos a proporcionar un entorno de trabajo inclusivo, promover la igualdad de oportunidades y apoyar el desarrollo profesional de cada persona. Tambi\u00e9n colaboramos con iniciativas locales para reforzar los v\u00ednculos con las comunidades en las que operamos y apoyar proyectos que tengan un impacto social positivo. En Ozeol, la responsabilidad social es esencial para construir un futuro colectivo pr\u00f3spero y armonioso.<\/p>\t\t\t\t\t\t\t\t<\/div>\n\t\t\t\t<\/div>\n\t\t\t\t<\/div>\n\t\t\t\t\t<\/div>\n\t\t\t\t<\/div>\n\t\t<div class=\"elementor-element elementor-element-a5d048f e-flex e-con-boxed e-con e-parent\" data-id=\"a5d048f\" data-element_type=\"container\" data-e-type=\"container\">\n\t\t\t\t\t<div class=\"e-con-inner\">\n\t\t<div class=\"elementor-element elementor-element-1a068b4 e-con-full e-flex e-con e-child\" data-id=\"1a068b4\" data-element_type=\"container\" data-e-type=\"container\">\n\t\t\t\t<div class=\"elementor-element elementor-element-7a20db8 elementor-widget elementor-widget-image\" data-id=\"7a20db8\" data-element_type=\"widget\" data-e-type=\"widget\" data-widget_type=\"image.default\">\n\t\t\t\t<div class=\"elementor-widget-container\">\n\t\t\t\t\t\t\t\t\t\t\t\t\t\t\t<img decoding=\"async\" width=\"370\" height=\"300\" src=\"https:\/\/www.ozeol.com\/wp-content\/uploads\/2024\/11\/Ethics-and-Transparency-1-png.webp\" class=\"attachment-large size-large wp-image-3094\" alt=\"\" srcset=\"https:\/\/www.ozeol.com\/wp-content\/uploads\/2024\/11\/Ethics-and-Transparency-1-png.webp 370w, https:\/\/www.ozeol.com\/wp-content\/uploads\/2024\/11\/Ethics-and-Transparency-1-300x243.webp 300w\" sizes=\"(max-width: 370px) 100vw, 370px\" \/>\t\t\t\t\t\t\t\t\t\t\t\t\t\t\t<\/div>\n\t\t\t\t<\/div>\n\t\t\t\t<\/div>\n\t\t<div class=\"elementor-element elementor-element-9fa481f e-con-full e-flex e-con e-child\" data-id=\"9fa481f\" data-element_type=\"container\" data-e-type=\"container\">\n\t\t\t\t<div class=\"elementor-element elementor-element-e197ba0 elementor-widget elementor-widget-text-editor\" data-id=\"e197ba0\" data-element_type=\"widget\" data-e-type=\"widget\" data-widget_type=\"text-editor.default\">\n\t\t\t\t<div class=\"elementor-widget-container\">\n\t\t\t\t\t\t\t\t\t<p><strong>\u00c9tica y Transparencia<\/strong>\u00a0La integridad es un principio fundamental en Ozeol. Nos comprometemos a mantener pr\u00e1cticas empresariales responsables y actuar con transparencia con nuestros socios, clientes y empleados. Nos adherimos a estrictas normas \u00e9ticas, especialmente en lo que se refiere al respeto de los derechos humanos y las pr\u00e1cticas laborales justas. Al cultivar una relaci\u00f3n basada en la transparencia y la honestidad, reforzamos nuestro compromiso de hacer crecer nuestra empresa de forma respetuosa y sostenible.<\/p>\t\t\t\t\t\t\t\t<\/div>\n\t\t\t\t<\/div>\n\t\t\t\t<\/div>\n\t\t\t\t\t<\/div>\n\t\t\t\t<\/div>\n\t\t<div class=\"elementor-element elementor-element-6afc63d e-flex e-con-boxed e-con e-parent\" data-id=\"6afc63d\" data-element_type=\"container\" data-e-type=\"container\">\n\t\t\t\t\t<div class=\"e-con-inner\">\n\t\t\t\t<div class=\"elementor-element elementor-element-4f62c19 elementor-widget elementor-widget-spacer\" data-id=\"4f62c19\" data-element_type=\"widget\" data-e-type=\"widget\" data-widget_type=\"spacer.default\">\n\t\t\t\t<div class=\"elementor-widget-container\">\n\t\t\t\t\t\t\t<div class=\"elementor-spacer\">\n\t\t\t<div class=\"elementor-spacer-inner\"><\/div>\n\t\t<\/div>\n\t\t\t\t\t\t<\/div>\n\t\t\t\t<\/div>\n\t\t\t\t\t<\/div>\n\t\t\t\t<\/div>\n\t\t\t\t<\/div>","protected":false},"excerpt":{"rendered":"<p>At Ozeol, our commitment to social and environmental responsibility is at the core of our mission and principle. We strongly believe that a company\u2019s success is not measured solely by its economic results but also by its positive impact on the environment and society. This is why we incorporate sustainable and ethical practices in all [&hellip;]<\/p>\n","protected":false},"author":1,"featured_media":0,"parent":0,"menu_order":0,"comment_status":"closed","ping_status":"closed","template":"tpl-default-elementor.php","meta":{"footnotes":""},"class_list":["post-2909","page","type-page","status-publish","hentry"],"yoast_head":"<!-- This site is optimized with the Yoast SEO plugin v27.4 - https:\/\/yoast.com\/product\/yoast-seo-wordpress\/ -->\n<title>CSR - Ozeol<\/title>\n<meta name=\"robots\" content=\"index, follow, max-snippet:-1, max-image-preview:large, max-video-preview:-1\" \/>\n<link rel=\"canonical\" href=\"https:\/\/www.ozeol.com\/es\/csr\/\" \/>\n<meta property=\"og:locale\" content=\"es_ES\" \/>\n<meta property=\"og:type\" content=\"article\" \/>\n<meta property=\"og:title\" content=\"CSR - Ozeol\" \/>\n<meta property=\"og:description\" content=\"At Ozeol, our commitment to social and environmental responsibility is at the core of our mission and principle. We strongly believe that a company\u2019s success is not measured solely by its economic results but also by its positive impact on the environment and society. This is why we incorporate sustainable and ethical practices in all [&hellip;]\" \/>\n<meta property=\"og:url\" content=\"https:\/\/www.ozeol.com\/es\/csr\/\" \/>\n<meta property=\"og:site_name\" content=\"Ozeol\" \/>\n<meta property=\"article:modified_time\" content=\"2025-10-29T10:24:00+00:00\" \/>\n<meta property=\"og:image\" content=\"https:\/\/www.ozeol.com\/wp-content\/uploads\/2024\/11\/Commitment-to-Sustainability-1-png.webp\" \/>\n\t<meta property=\"og:image:width\" content=\"370\" \/>\n\t<meta property=\"og:image:height\" content=\"300\" \/>\n\t<meta property=\"og:image:type\" content=\"image\/png\" \/>\n<meta name=\"twitter:card\" content=\"summary_large_image\" \/>\n<meta name=\"twitter:label1\" content=\"Tiempo de lectura\" \/>\n\t<meta name=\"twitter:data1\" content=\"2 minutos\" \/>\n<script type=\"application\/ld+json\" class=\"yoast-schema-graph\">{\"@context\":\"https:\\\/\\\/schema.org\",\"@graph\":[{\"@type\":\"WebPage\",\"@id\":\"https:\\\/\\\/www.ozeol.com\\\/csr\\\/\",\"url\":\"https:\\\/\\\/www.ozeol.com\\\/csr\\\/\",\"name\":\"CSR - Ozeol\",\"isPartOf\":{\"@id\":\"https:\\\/\\\/www.ozeol.com\\\/#website\"},\"primaryImageOfPage\":{\"@id\":\"https:\\\/\\\/www.ozeol.com\\\/csr\\\/#primaryimage\"},\"image\":{\"@id\":\"https:\\\/\\\/www.ozeol.com\\\/csr\\\/#primaryimage\"},\"thumbnailUrl\":\"https:\\\/\\\/www.ozeol.com\\\/wp-content\\\/uploads\\\/2024\\\/11\\\/Commitment-to-Sustainability-1-png.webp\",\"datePublished\":\"2024-11-15T12:40:54+00:00\",\"dateModified\":\"2025-10-29T10:24:00+00:00\",\"breadcrumb\":{\"@id\":\"https:\\\/\\\/www.ozeol.com\\\/csr\\\/#breadcrumb\"},\"inLanguage\":\"es\",\"potentialAction\":[{\"@type\":\"ReadAction\",\"target\":[\"https:\\\/\\\/www.ozeol.com\\\/csr\\\/\"]}]},{\"@type\":\"ImageObject\",\"inLanguage\":\"es\",\"@id\":\"https:\\\/\\\/www.ozeol.com\\\/csr\\\/#primaryimage\",\"url\":\"https:\\\/\\\/www.ozeol.com\\\/wp-content\\\/uploads\\\/2024\\\/11\\\/Commitment-to-Sustainability-1-png.webp\",\"contentUrl\":\"https:\\\/\\\/www.ozeol.com\\\/wp-content\\\/uploads\\\/2024\\\/11\\\/Commitment-to-Sustainability-1-png.webp\"},{\"@type\":\"BreadcrumbList\",\"@id\":\"https:\\\/\\\/www.ozeol.com\\\/csr\\\/#breadcrumb\",\"itemListElement\":[{\"@type\":\"ListItem\",\"position\":1,\"name\":\"Home\",\"item\":\"https:\\\/\\\/www.ozeol.com\\\/\"},{\"@type\":\"ListItem\",\"position\":2,\"name\":\"CSR\"}]},{\"@type\":\"WebSite\",\"@id\":\"https:\\\/\\\/www.ozeol.com\\\/#website\",\"url\":\"https:\\\/\\\/www.ozeol.com\\\/\",\"name\":\"Ozeol\",\"description\":\"\",\"publisher\":{\"@id\":\"https:\\\/\\\/www.ozeol.com\\\/#organization\"},\"potentialAction\":[{\"@type\":\"SearchAction\",\"target\":{\"@type\":\"EntryPoint\",\"urlTemplate\":\"https:\\\/\\\/www.ozeol.com\\\/?s={search_term_string}\"},\"query-input\":{\"@type\":\"PropertyValueSpecification\",\"valueRequired\":true,\"valueName\":\"search_term_string\"}}],\"inLanguage\":\"es\"},{\"@type\":\"Organization\",\"@id\":\"https:\\\/\\\/www.ozeol.com\\\/#organization\",\"name\":\"Ozeol\",\"url\":\"https:\\\/\\\/www.ozeol.com\\\/\",\"logo\":{\"@type\":\"ImageObject\",\"inLanguage\":\"es\",\"@id\":\"https:\\\/\\\/www.ozeol.com\\\/#\\\/schema\\\/logo\\\/image\\\/\",\"url\":\"https:\\\/\\\/www.ozeol.com\\\/wp-content\\\/uploads\\\/2024\\\/10\\\/logo-Ozeol-300x108-1-1.png\",\"contentUrl\":\"https:\\\/\\\/www.ozeol.com\\\/wp-content\\\/uploads\\\/2024\\\/10\\\/logo-Ozeol-300x108-1-1.png\",\"width\":300,\"height\":108,\"caption\":\"Ozeol\"},\"image\":{\"@id\":\"https:\\\/\\\/www.ozeol.com\\\/#\\\/schema\\\/logo\\\/image\\\/\"}}]}<\/script>\n<!-- \/ Yoast SEO plugin. -->","yoast_head_json":{"title":"CSR - Ozeol","robots":{"index":"index","follow":"follow","max-snippet":"max-snippet:-1","max-image-preview":"max-image-preview:large","max-video-preview":"max-video-preview:-1"},"canonical":"https:\/\/www.ozeol.com\/es\/csr\/","og_locale":"es_ES","og_type":"article","og_title":"CSR - Ozeol","og_description":"At Ozeol, our commitment to social and environmental responsibility is at the core of our mission and principle. We strongly believe that a company\u2019s success is not measured solely by its economic results but also by its positive impact on the environment and society. This is why we incorporate sustainable and ethical practices in all [&hellip;]","og_url":"https:\/\/www.ozeol.com\/es\/csr\/","og_site_name":"Ozeol","article_modified_time":"2025-10-29T10:24:00+00:00","og_image":[{"width":370,"height":300,"url":"https:\/\/www.ozeol.com\/wp-content\/uploads\/2024\/11\/Commitment-to-Sustainability-1-png.webp","type":"image\/png"}],"twitter_card":"summary_large_image","twitter_misc":{"Tiempo de lectura":"2 minutos"},"schema":{"@context":"https:\/\/schema.org","@graph":[{"@type":"WebPage","@id":"https:\/\/www.ozeol.com\/csr\/","url":"https:\/\/www.ozeol.com\/csr\/","name":"CSR - Ozeol","isPartOf":{"@id":"https:\/\/www.ozeol.com\/#website"},"primaryImageOfPage":{"@id":"https:\/\/www.ozeol.com\/csr\/#primaryimage"},"image":{"@id":"https:\/\/www.ozeol.com\/csr\/#primaryimage"},"thumbnailUrl":"https:\/\/www.ozeol.com\/wp-content\/uploads\/2024\/11\/Commitment-to-Sustainability-1-png.webp","datePublished":"2024-11-15T12:40:54+00:00","dateModified":"2025-10-29T10:24:00+00:00","breadcrumb":{"@id":"https:\/\/www.ozeol.com\/csr\/#breadcrumb"},"inLanguage":"es","potentialAction":[{"@type":"ReadAction","target":["https:\/\/www.ozeol.com\/csr\/"]}]},{"@type":"ImageObject","inLanguage":"es","@id":"https:\/\/www.ozeol.com\/csr\/#primaryimage","url":"https:\/\/www.ozeol.com\/wp-content\/uploads\/2024\/11\/Commitment-to-Sustainability-1-png.webp","contentUrl":"https:\/\/www.ozeol.com\/wp-content\/uploads\/2024\/11\/Commitment-to-Sustainability-1-png.webp"},{"@type":"BreadcrumbList","@id":"https:\/\/www.ozeol.com\/csr\/#breadcrumb","itemListElement":[{"@type":"ListItem","position":1,"name":"Home","item":"https:\/\/www.ozeol.com\/"},{"@type":"ListItem","position":2,"name":"CSR"}]},{"@type":"WebSite","@id":"https:\/\/www.ozeol.com\/#website","url":"https:\/\/www.ozeol.com\/","name":"Ozeol","description":"","publisher":{"@id":"https:\/\/www.ozeol.com\/#organization"},"potentialAction":[{"@type":"SearchAction","target":{"@type":"EntryPoint","urlTemplate":"https:\/\/www.ozeol.com\/?s={search_term_string}"},"query-input":{"@type":"PropertyValueSpecification","valueRequired":true,"valueName":"search_term_string"}}],"inLanguage":"es"},{"@type":"Organization","@id":"https:\/\/www.ozeol.com\/#organization","name":"Ozeol","url":"https:\/\/www.ozeol.com\/","logo":{"@type":"ImageObject","inLanguage":"es","@id":"https:\/\/www.ozeol.com\/#\/schema\/logo\/image\/","url":"https:\/\/www.ozeol.com\/wp-content\/uploads\/2024\/10\/logo-Ozeol-300x108-1-1.png","contentUrl":"https:\/\/www.ozeol.com\/wp-content\/uploads\/2024\/10\/logo-Ozeol-300x108-1-1.png","width":300,"height":108,"caption":"Ozeol"},"image":{"@id":"https:\/\/www.ozeol.com\/#\/schema\/logo\/image\/"}}]}},"_links":{"self":[{"href":"https:\/\/www.ozeol.com\/es\/wp-json\/wp\/v2\/pages\/2909","targetHints":{"allow":["GET"]}}],"collection":[{"href":"https:\/\/www.ozeol.com\/es\/wp-json\/wp\/v2\/pages"}],"about":[{"href":"https:\/\/www.ozeol.com\/es\/wp-json\/wp\/v2\/types\/page"}],"author":[{"embeddable":true,"href":"https:\/\/www.ozeol.com\/es\/wp-json\/wp\/v2\/users\/1"}],"replies":[{"embeddable":true,"href":"https:\/\/www.ozeol.com\/es\/wp-json\/wp\/v2\/comments?post=2909"}],"version-history":[{"count":0,"href":"https:\/\/www.ozeol.com\/es\/wp-json\/wp\/v2\/pages\/2909\/revisions"}],"wp:attachment":[{"href":"https:\/\/www.ozeol.com\/es\/wp-json\/wp\/v2\/media?parent=2909"}],"curies":[{"name":"wp","href":"https:\/\/api.w.org\/{rel}","templated":true}]}}