{"id":1717,"date":"2024-10-25T13:54:03","date_gmt":"2024-10-25T13:54:03","guid":{"rendered":"https:\/\/www.ozeol.com\/?page_id=1717"},"modified":"2025-05-16T09:52:23","modified_gmt":"2025-05-16T09:52:23","slug":"who-we-are","status":"publish","type":"page","link":"https:\/\/www.ozeol.com\/es\/who-we-are\/","title":{"rendered":"\u00bfQui\u00e9nes somos?\u00a0"},"content":{"rendered":"<div data-elementor-type=\"wp-page\" data-elementor-id=\"1717\" class=\"elementor elementor-1717\" data-elementor-post-type=\"page\">\n\t\t\t\t<div class=\"elementor-element elementor-element-a129617 e-flex e-con-boxed e-con e-parent\" data-id=\"a129617\" data-element_type=\"container\" data-e-type=\"container\">\n\t\t\t\t\t<div class=\"e-con-inner\">\n\t\t\t\t<div class=\"elementor-element elementor-element-699e8e9 elementor-widget elementor-widget-spacer\" data-id=\"699e8e9\" data-element_type=\"widget\" data-e-type=\"widget\" data-widget_type=\"spacer.default\">\n\t\t\t\t<div class=\"elementor-widget-container\">\n\t\t\t\t\t\t\t<div class=\"elementor-spacer\">\n\t\t\t<div class=\"elementor-spacer-inner\"><\/div>\n\t\t<\/div>\n\t\t\t\t\t\t<\/div>\n\t\t\t\t<\/div>\n\t\t\t\t\t<\/div>\n\t\t\t\t<\/div>\n\t\t<div class=\"elementor-element elementor-element-3adf73b e-flex e-con-boxed e-con e-parent\" data-id=\"3adf73b\" data-element_type=\"container\" data-e-type=\"container\" data-settings=\"{&quot;background_background&quot;:&quot;classic&quot;}\">\n\t\t\t\t\t<div class=\"e-con-inner\">\n\t\t<div class=\"elementor-element elementor-element-08d0dd4 e-con-full e-flex e-con e-child\" data-id=\"08d0dd4\" data-element_type=\"container\" data-e-type=\"container\">\n\t\t\t\t<div class=\"elementor-element elementor-element-6059afb elementor-widget elementor-widget-text-editor\" data-id=\"6059afb\" data-element_type=\"widget\" data-e-type=\"widget\" data-widget_type=\"text-editor.default\">\n\t\t\t\t<div class=\"elementor-widget-container\">\n\t\t\t\t\t\t\t\t\t<h2 class=\"text-center d_block fs_50 fw_bold font_family_inter mb_20\" style=\"color: #fff\">Nuestra historia<\/h2>\t\t\t\t\t\t\t\t<\/div>\n\t\t\t\t<\/div>\n\t\t\t\t<\/div>\n\t\t<div class=\"elementor-element elementor-element-fdbef99 e-con-full e-flex e-con e-child\" data-id=\"fdbef99\" data-element_type=\"container\" data-e-type=\"container\">\n\t\t\t\t<div class=\"elementor-element elementor-element-0f566cc elementor-widget elementor-widget-text-editor\" data-id=\"0f566cc\" data-element_type=\"widget\" data-e-type=\"widget\" data-widget_type=\"text-editor.default\">\n\t\t\t\t<div class=\"elementor-widget-container\">\n\t\t\t\t\t\t\t\t\t<span data-teams=\"true\"><span class=\"text-white ui-provider a b c d e f g h i j k l m n o p q r s t u v w x y z ab ac ae af ag ah ai aj ak\" dir=\"ltr\">Ozeol, ha construido una presencia s\u00f3lida como l\u00edder en la industria de liquidaciones, conectando las mercanc\u00edas no vendidas de los proveedores con el mercado europeo. Fundada para convertir los excedentes de inventario en oportunidades, Ozeol ha crecido significativamente y ahora opera en varios continentes. Estamos comprometidos con la sostenibilidad, la empresa ayuda a reutilizar los productos sobrantes, reduciendo los residuos y ofreciendo opciones asequibles a los mercados mundiales. A trav\u00e9s de un equipo cualificado y diverso, Ozeol se adapta continuamente a las demandas del mercado, construyendo una s\u00f3lida reputaci\u00f3n en el comercio sostenible y el comercio global.<\/span><\/span>\t\t\t\t\t\t\t\t<\/div>\n\t\t\t\t<\/div>\n\t\t\t\t<\/div>\n\t\t<div class=\"elementor-element elementor-element-5a81b55 e-con-full e-flex e-con e-child\" data-id=\"5a81b55\" data-element_type=\"container\" data-e-type=\"container\">\n\t\t\t\t<div class=\"elementor-element elementor-element-12658d4 elementor-widget elementor-widget-image\" data-id=\"12658d4\" data-element_type=\"widget\" data-e-type=\"widget\" data-widget_type=\"image.default\">\n\t\t\t\t<div class=\"elementor-widget-container\">\n\t\t\t\t\t\t\t\t\t\t\t\t\t\t\t<img fetchpriority=\"high\" decoding=\"async\" width=\"370\" height=\"300\" src=\"https:\/\/www.ozeol.com\/wp-content\/uploads\/2024\/11\/project-20-1.webp\" class=\"attachment-large size-large wp-image-3080\" alt=\"\" srcset=\"https:\/\/www.ozeol.com\/wp-content\/uploads\/2024\/11\/project-20-1.webp 370w, https:\/\/www.ozeol.com\/wp-content\/uploads\/2024\/11\/project-20-1-300x243.webp 300w\" sizes=\"(max-width: 370px) 100vw, 370px\" \/>\t\t\t\t\t\t\t\t\t\t\t\t\t\t\t<\/div>\n\t\t\t\t<\/div>\n\t\t\t\t<\/div>\n\t\t\t\t\t<\/div>\n\t\t\t\t<\/div>\n\t\t<div class=\"elementor-element elementor-element-f6a43be e-flex e-con-boxed e-con e-parent\" data-id=\"f6a43be\" data-element_type=\"container\" data-e-type=\"container\">\n\t\t\t\t\t<div class=\"e-con-inner\">\n\t\t\t\t<div class=\"elementor-element elementor-element-c0f3890 elementor-widget elementor-widget-spacer\" data-id=\"c0f3890\" data-element_type=\"widget\" data-e-type=\"widget\" data-widget_type=\"spacer.default\">\n\t\t\t\t<div class=\"elementor-widget-container\">\n\t\t\t\t\t\t\t<div class=\"elementor-spacer\">\n\t\t\t<div class=\"elementor-spacer-inner\"><\/div>\n\t\t<\/div>\n\t\t\t\t\t\t<\/div>\n\t\t\t\t<\/div>\n\t\t\t\t\t<\/div>\n\t\t\t\t<\/div>\n\t\t<div class=\"elementor-element elementor-element-9f04c02 e-flex e-con-boxed e-con e-parent\" data-id=\"9f04c02\" data-element_type=\"container\" data-e-type=\"container\">\n\t\t\t\t\t<div class=\"e-con-inner\">\n\t\t\t\t<div class=\"elementor-element elementor-element-3342e1e elementor-widget elementor-widget-text-editor\" data-id=\"3342e1e\" data-element_type=\"widget\" data-e-type=\"widget\" data-widget_type=\"text-editor.default\">\n\t\t\t\t<div class=\"elementor-widget-container\">\n\t\t\t\t\t\t\t\t\t\n<h2 class=\"text-center d_block fs_50 fw_bold font_family_inter mb_20\" >\u00bfQu\u00e9 Hacemos?<\/h2>\t\t\t\t\t\t\t\t<\/div>\n\t\t\t\t<\/div>\n\t\t\t\t\t<\/div>\n\t\t\t\t<\/div>\n\t\t\t\t<section class=\"elementor-section elementor-top-section elementor-element elementor-element-0cb1a1e elementor-section-boxed elementor-section-height-default elementor-section-height-default\" data-id=\"0cb1a1e\" data-element_type=\"section\" data-e-type=\"section\">\n\t\t\t\t\t\t<div class=\"elementor-container elementor-column-gap-no\">\n\t\t\t\t\t<div class=\"elementor-column elementor-col-50 elementor-top-column elementor-element elementor-element-b1e3361\" data-id=\"b1e3361\" data-element_type=\"column\" data-e-type=\"column\" data-settings=\"{&quot;background_background&quot;:&quot;classic&quot;}\">\n\t\t\t<div class=\"elementor-widget-wrap elementor-element-populated\">\n\t\t\t\t\t\t<div class=\"elementor-element elementor-element-c0cc623 elementor-widget elementor-widget-image\" data-id=\"c0cc623\" data-element_type=\"widget\" data-e-type=\"widget\" data-widget_type=\"image.default\">\n\t\t\t\t<div class=\"elementor-widget-container\">\n\t\t\t\t\t\t\t\t\t\t\t\t\t\t\t<img decoding=\"async\" width=\"370\" height=\"300\" src=\"https:\/\/www.ozeol.com\/wp-content\/uploads\/2024\/11\/project-17.webp\" class=\"attachment-large size-large wp-image-3082\" alt=\"\" srcset=\"https:\/\/www.ozeol.com\/wp-content\/uploads\/2024\/11\/project-17.webp 370w, https:\/\/www.ozeol.com\/wp-content\/uploads\/2024\/11\/project-17-300x243.webp 300w\" sizes=\"(max-width: 370px) 100vw, 370px\" \/>\t\t\t\t\t\t\t\t\t\t\t\t\t\t\t<\/div>\n\t\t\t\t<\/div>\n\t\t\t\t\t<\/div>\n\t\t<\/div>\n\t\t\t\t<div class=\"elementor-column elementor-col-50 elementor-top-column elementor-element elementor-element-1b8d3f1\" data-id=\"1b8d3f1\" data-element_type=\"column\" data-e-type=\"column\">\n\t\t\t<div class=\"elementor-widget-wrap elementor-element-populated\">\n\t\t\t\t\t\t<div class=\"elementor-element elementor-element-b520249 elementor-widget elementor-widget-text-editor\" data-id=\"b520249\" data-element_type=\"widget\" data-e-type=\"widget\" data-widget_type=\"text-editor.default\">\n\t\t\t\t<div class=\"elementor-widget-container\">\n\t\t\t\t\t\t\t\t\t<p>Ofrecemos las mejores soluciones alternativas al stock que no has podido vender por ninguno de tus canales de distribuci\u00f3n. Nuestro \u00e9xito se basa en la capacidad de reacci\u00f3n r\u00e1pida para vender art\u00edculos no vendidos. Ozeol est\u00e1 siempre cerca de ti con un alcance global, apoyado por servicios log\u00edsticos y de transporte que operan en todo el mundo. Nuestra misi\u00f3n es seleccionar siempre una soluci\u00f3n \u00f3ptima que sea rentable y efectiva para nuestros clientes. El r\u00e1pido proceso de Ozeol consta de 4 pasos: Negociaci\u00f3n, Comprobaci\u00f3n de calidad, Log\u00edstica y Pago\n\nOur mission is to always select an optimal solution that will be cost effective and time oriented. Ozeol\u2019s quick process has 4 steps: Negotiation, Quality Check, Shipment and Payment.<\/p><p>Our mission is to always select an optimal solution that will be cost effective and time oriented. Ozeol\u2019s quick process has 4 steps: Negotiation, Quality Check, Shipment and Payment.<\/p>\t\t\t\t\t\t\t\t<\/div>\n\t\t\t\t<\/div>\n\t\t\t\t\t<\/div>\n\t\t<\/div>\n\t\t\t\t\t<\/div>\n\t\t<\/section>\n\t\t<div class=\"elementor-element elementor-element-f2f2191 e-flex e-con-boxed e-con e-parent\" data-id=\"f2f2191\" data-element_type=\"container\" data-e-type=\"container\" data-settings=\"{&quot;background_background&quot;:&quot;classic&quot;}\">\n\t\t\t\t\t<div class=\"e-con-inner\">\n\t\t\t\t<div class=\"elementor-element elementor-element-87efd22 elementor-widget elementor-widget-html\" data-id=\"87efd22\" data-element_type=\"widget\" data-e-type=\"widget\" data-widget_type=\"html.default\">\n\t\t\t\t<div class=\"elementor-widget-container\">\n\t\t\t\t\t<div class=\"elementor-element elementor-element-594256c e-flex e-con-boxed e-con e-parent e-lazyloaded\" data-id=\"594256c\" data-element_type=\"container\" data-settings=\"{&quot;background_background&quot;:&quot;classic&quot;}\">\n\t\t\t\t\t<div class=\"e-con-inner\">\n\t\t\t\t<div class=\"elementor-element elementor-element-b3099a9 our-vision elementor-widget elementor-widget-tranzix_mission\" data-id=\"b3099a9\" data-element_type=\"widget\" data-widget_type=\"tranzix_mission.default\">\n\t\t\t\t<div class=\"elementor-widget-container\">\n\t\t\t\t\t        \n        <section class=\"ourmission-section about-page-1 p_relative pb_150\">\n\t\t\t\t\n\t\t\t<div class=\"noimage\">\n\t\t\t\t\t\t<\/div>\n\t\t\t\n            <div class=\"auto-container\">\n                <div class=\"row clearfix\">\n                    <div class=\"col-lg-6 col-md-12 col-sm-12 left-column\">\n                        <div class=\"content_block_22\">\n                            <div data-animation-box=\"\" class=\"content-box p_relative d_block mr_100 animated\">\n\t\t\t\t\t\t\t\t\t\n\t\t\t\t\t\t\t\t<div class=\"noimage\">\n\t\t\t\t\t\t\t\t\t\t\t\t\t\t\t\t<\/div>\n                                <figure data-animation-text=\"\" class=\"overlay-anim-black-bg image-box p_relative d_block b_radius_10 mb_30 animated overlay-animation\" data-animation=\"overlay-animation\">\n\t\t\t\t\t\t\t\t\t   \n\t\t\t\t\t\t\t\t\t<img decoding=\"async\" src=\"https:\/\/www.ozeol.com\/wp-content\/uploads\/2024\/11\/chooseus-bg-4.webp\" alt=\"\">\n\t\t\t\t\t\t\t\t\t\t\t\t\t\t\t\t\t<\/figure>\n                                <div class=\"text p_relative d_block\">\n                                    <p class=\"font_family_poppins\"><\/p>\n                                <\/div>\n                            <\/div>\n                        <\/div>\n                    <\/div>\n                    <div class=\"col-lg-6 col-md-12 col-sm-12 left-column\">\n                        <div class=\"content_block_23\">\n                            <div data-animation-box=\"\" class=\"content-box p_relative d_block animated\">\n                                <div class=\"shape\">\n                                    <div class=\"shape-1 p_absolute b_radius_50\"><\/div>\n\t\t\t\t\t\t\t\t\t\t\n\t\t\t\t\t\t\t\t\t<div class=\"noimage\">\n\t\t\t\t\t\t\t\t\t\t\t\t\t\t\t\t\t\t<\/div>\n                                <\/div>\n                                <div class=\"sec-title-three p_relative d_block mb_30\">\n                                    <h6 class=\"d_block fs_18 lh_26 fw_sbold font_family_inter uppercase mb_12\"><\/h6>\n                                    <h2 class=\"d_block fs_50 fw_bold font_family_inter mb_20\"><\/h2><h2 class=\"d_block fs_50 fw_bold font_family_inter mb_20\" style=\"color: #fff\">Nuestra Misi\u00f3n<\/h2>\n                                    <p class=\"font_family_poppins\"><\/p><p style=\"color:#fff\">Nuestro objetivo es ofrecer soluciones innovadoras centradas en el liderazgo medioambiental y de inversi\u00f3n en valores. Creemos que un gran equipo est\u00e1 formado por empleados satisfechos que pueden lograr excelentes resultados. Nos preocupamos por su formaci\u00f3n y bienestar tanto dentro como fuera del lugar de trabajo. Mediante esfuerzos estrat\u00e9gicos a largo plazo, estamos construyendo una empresa fuerte para lograr un rendimiento sobresaliente con un impacto positivo en el futuro.<\/p><p><\/p>\n                                <\/div>\n                                <figure data-animation-text=\"\" class=\"overlay-anim-black-bg image-box p_relative d_block b_radius_10 animated overlay-animation\" data-animation=\"overlay-animation\">\n\t\t\t\t\t\t\t\t\t\t\t\t\t\t\t\t\t\t<div class=\"noimage\"><\/div>\n\t\t\t\t\t\t\t\t\t\t\t\t\t\t\t\t\t<\/figure>\n                            <\/div>\n                        <\/div>\n                    <\/div>\n                <\/div>\n            <\/div>\n        <\/section>\n             \n\t\t\t\t\t\t<\/div>\n\t\t\t\t<\/div>\n\t\t\t\t\t<\/div>\n\t\t\t\t<\/div>\t\t\t\t<\/div>\n\t\t\t\t<\/div>\n\t\t\t\t\t<\/div>\n\t\t\t\t<\/div>\n\t\t<div class=\"elementor-element elementor-element-629b975 e-flex e-con-boxed e-con e-parent\" data-id=\"629b975\" data-element_type=\"container\" data-e-type=\"container\">\n\t\t\t\t\t<div class=\"e-con-inner\">\n\t\t\t\t<div class=\"elementor-element elementor-element-fd8ee3c elementor-widget elementor-widget-spacer\" data-id=\"fd8ee3c\" data-element_type=\"widget\" data-e-type=\"widget\" data-widget_type=\"spacer.default\">\n\t\t\t\t<div class=\"elementor-widget-container\">\n\t\t\t\t\t\t\t<div class=\"elementor-spacer\">\n\t\t\t<div class=\"elementor-spacer-inner\"><\/div>\n\t\t<\/div>\n\t\t\t\t\t\t<\/div>\n\t\t\t\t<\/div>\n\t\t\t\t\t<\/div>\n\t\t\t\t<\/div>\n\t\t<div class=\"elementor-element elementor-element-f713808 e-flex e-con-boxed e-con e-parent\" data-id=\"f713808\" data-element_type=\"container\" data-e-type=\"container\">\n\t\t\t\t\t<div class=\"e-con-inner\">\n\t\t\t\t<div class=\"elementor-element elementor-element-1f3a084 elementor-widget elementor-widget-text-editor\" data-id=\"1f3a084\" data-element_type=\"widget\" data-e-type=\"widget\" data-widget_type=\"text-editor.default\">\n\t\t\t\t<div class=\"elementor-widget-container\">\n\t\t\t\t\t\t\t\t\t<h2 class=\"d_block fs_50 fw_bold font_family_inter mb_20\" style=\"text-align: center;\">Nuestros Valores<\/h2>\t\t\t\t\t\t\t\t<\/div>\n\t\t\t\t<\/div>\n\t\t\t\t\t<\/div>\n\t\t\t\t<\/div>\n\t\t<div class=\"elementor-element elementor-element-71c96d6 e-flex e-con-boxed e-con e-parent\" data-id=\"71c96d6\" data-element_type=\"container\" data-e-type=\"container\">\n\t\t\t\t\t<div class=\"e-con-inner\">\n\t\t\t\t<div class=\"elementor-element elementor-element-c2facee elementor-widget elementor-widget-image\" data-id=\"c2facee\" data-element_type=\"widget\" data-e-type=\"widget\" data-widget_type=\"image.default\">\n\t\t\t\t<div class=\"elementor-widget-container\">\n\t\t\t\t\t\t\t\t\t\t\t\t\t\t\t<img decoding=\"async\" width=\"525\" height=\"525\" src=\"https:\/\/www.ozeol.com\/wp-content\/uploads\/2024\/10\/Design-sans-titre-2.gif\" class=\"attachment-large size-large wp-image-2313\" alt=\"\" \/>\t\t\t\t\t\t\t\t\t\t\t\t\t\t\t<\/div>\n\t\t\t\t<\/div>\n\t\t\t\t\t<\/div>\n\t\t\t\t<\/div>\n\t\t\t\t<\/div>","protected":false},"excerpt":{"rendered":"<p>Our History Ozeol has built a strong presence as a leader in the clearance and liquidation industry, connecting suppliers\u2019 unsold goods with European Market. Founded to turn surplus inventory into opportunity, Ozeol has grown significantly, now operating across multiple continents. With a commitment to sustainability, the company helps repurpose excess products, reducing waste and providing [&hellip;]<\/p>\n","protected":false},"author":1,"featured_media":0,"parent":0,"menu_order":0,"comment_status":"closed","ping_status":"closed","template":"tpl-default-elementor.php","meta":{"footnotes":""},"class_list":["post-1717","page","type-page","status-publish","hentry"],"yoast_head":"<!-- This site is optimized with the Yoast SEO plugin v27.5 - https:\/\/yoast.com\/product\/yoast-seo-wordpress\/ -->\n<title>Who we are\u00a0 - Ozeol<\/title>\n<meta name=\"robots\" content=\"index, follow, max-snippet:-1, max-image-preview:large, max-video-preview:-1\" \/>\n<link rel=\"canonical\" href=\"https:\/\/www.ozeol.com\/es\/who-we-are\/\" \/>\n<meta property=\"og:locale\" content=\"es_ES\" \/>\n<meta property=\"og:type\" content=\"article\" \/>\n<meta property=\"og:title\" content=\"Who we are\u00a0 - Ozeol\" \/>\n<meta property=\"og:description\" content=\"Our History Ozeol has built a strong presence as a leader in the clearance and liquidation industry, connecting suppliers\u2019 unsold goods with European Market. Founded to turn surplus inventory into opportunity, Ozeol has grown significantly, now operating across multiple continents. With a commitment to sustainability, the company helps repurpose excess products, reducing waste and providing [&hellip;]\" \/>\n<meta property=\"og:url\" content=\"https:\/\/www.ozeol.com\/es\/who-we-are\/\" \/>\n<meta property=\"og:site_name\" content=\"Ozeol\" \/>\n<meta property=\"article:modified_time\" content=\"2025-05-16T09:52:23+00:00\" \/>\n<meta property=\"og:image\" content=\"https:\/\/www.ozeol.com\/wp-content\/uploads\/2024\/11\/project-20-1.webp\" \/>\n<meta name=\"twitter:card\" content=\"summary_large_image\" \/>\n<meta name=\"twitter:label1\" content=\"Tiempo de lectura\" \/>\n\t<meta name=\"twitter:data1\" content=\"3 minutos\" \/>\n<script type=\"application\/ld+json\" class=\"yoast-schema-graph\">{\"@context\":\"https:\\\/\\\/schema.org\",\"@graph\":[{\"@type\":\"WebPage\",\"@id\":\"https:\\\/\\\/www.ozeol.com\\\/who-we-are\\\/\",\"url\":\"https:\\\/\\\/www.ozeol.com\\\/who-we-are\\\/\",\"name\":\"Who we are\u00a0 - Ozeol\",\"isPartOf\":{\"@id\":\"https:\\\/\\\/www.ozeol.com\\\/#website\"},\"primaryImageOfPage\":{\"@id\":\"https:\\\/\\\/www.ozeol.com\\\/who-we-are\\\/#primaryimage\"},\"image\":{\"@id\":\"https:\\\/\\\/www.ozeol.com\\\/who-we-are\\\/#primaryimage\"},\"thumbnailUrl\":\"https:\\\/\\\/www.ozeol.com\\\/wp-content\\\/uploads\\\/2024\\\/11\\\/project-20-1.webp\",\"datePublished\":\"2024-10-25T13:54:03+00:00\",\"dateModified\":\"2025-05-16T09:52:23+00:00\",\"breadcrumb\":{\"@id\":\"https:\\\/\\\/www.ozeol.com\\\/who-we-are\\\/#breadcrumb\"},\"inLanguage\":\"es\",\"potentialAction\":[{\"@type\":\"ReadAction\",\"target\":[\"https:\\\/\\\/www.ozeol.com\\\/who-we-are\\\/\"]}]},{\"@type\":\"ImageObject\",\"inLanguage\":\"es\",\"@id\":\"https:\\\/\\\/www.ozeol.com\\\/who-we-are\\\/#primaryimage\",\"url\":\"https:\\\/\\\/www.ozeol.com\\\/wp-content\\\/uploads\\\/2024\\\/11\\\/project-20-1.webp\",\"contentUrl\":\"https:\\\/\\\/www.ozeol.com\\\/wp-content\\\/uploads\\\/2024\\\/11\\\/project-20-1.webp\"},{\"@type\":\"BreadcrumbList\",\"@id\":\"https:\\\/\\\/www.ozeol.com\\\/who-we-are\\\/#breadcrumb\",\"itemListElement\":[{\"@type\":\"ListItem\",\"position\":1,\"name\":\"Home\",\"item\":\"https:\\\/\\\/www.ozeol.com\\\/\"},{\"@type\":\"ListItem\",\"position\":2,\"name\":\"Who we are\u00a0\"}]},{\"@type\":\"WebSite\",\"@id\":\"https:\\\/\\\/www.ozeol.com\\\/#website\",\"url\":\"https:\\\/\\\/www.ozeol.com\\\/\",\"name\":\"Ozeol\",\"description\":\"\",\"publisher\":{\"@id\":\"https:\\\/\\\/www.ozeol.com\\\/#organization\"},\"potentialAction\":[{\"@type\":\"SearchAction\",\"target\":{\"@type\":\"EntryPoint\",\"urlTemplate\":\"https:\\\/\\\/www.ozeol.com\\\/?s={search_term_string}\"},\"query-input\":{\"@type\":\"PropertyValueSpecification\",\"valueRequired\":true,\"valueName\":\"search_term_string\"}}],\"inLanguage\":\"es\"},{\"@type\":\"Organization\",\"@id\":\"https:\\\/\\\/www.ozeol.com\\\/#organization\",\"name\":\"Ozeol\",\"url\":\"https:\\\/\\\/www.ozeol.com\\\/\",\"logo\":{\"@type\":\"ImageObject\",\"inLanguage\":\"es\",\"@id\":\"https:\\\/\\\/www.ozeol.com\\\/#\\\/schema\\\/logo\\\/image\\\/\",\"url\":\"https:\\\/\\\/www.ozeol.com\\\/wp-content\\\/uploads\\\/2024\\\/10\\\/logo-Ozeol-300x108-1-1.png\",\"contentUrl\":\"https:\\\/\\\/www.ozeol.com\\\/wp-content\\\/uploads\\\/2024\\\/10\\\/logo-Ozeol-300x108-1-1.png\",\"width\":300,\"height\":108,\"caption\":\"Ozeol\"},\"image\":{\"@id\":\"https:\\\/\\\/www.ozeol.com\\\/#\\\/schema\\\/logo\\\/image\\\/\"}}]}<\/script>\n<!-- \/ Yoast SEO plugin. -->","yoast_head_json":{"title":"\u00bfQui\u00e9nes somos?","robots":{"index":"index","follow":"follow","max-snippet":"max-snippet:-1","max-image-preview":"max-image-preview:large","max-video-preview":"max-video-preview:-1"},"canonical":"https:\/\/www.ozeol.com\/es\/who-we-are\/","og_locale":"es_ES","og_type":"article","og_title":"Who we are\u00a0 - Ozeol","og_description":"Our History Ozeol has built a strong presence as a leader in the clearance and liquidation industry, connecting suppliers\u2019 unsold goods with European Market. Founded to turn surplus inventory into opportunity, Ozeol has grown significantly, now operating across multiple continents. With a commitment to sustainability, the company helps repurpose excess products, reducing waste and providing [&hellip;]","og_url":"https:\/\/www.ozeol.com\/es\/who-we-are\/","og_site_name":"Ozeol","article_modified_time":"2025-05-16T09:52:23+00:00","og_image":[{"url":"https:\/\/www.ozeol.com\/wp-content\/uploads\/2024\/11\/project-20-1.webp","type":"","width":"","height":""}],"twitter_card":"summary_large_image","twitter_misc":{"Tiempo de lectura":"3 minutos"},"schema":{"@context":"https:\/\/schema.org","@graph":[{"@type":"WebPage","@id":"https:\/\/www.ozeol.com\/who-we-are\/","url":"https:\/\/www.ozeol.com\/who-we-are\/","name":"\u00bfQui\u00e9nes somos?","isPartOf":{"@id":"https:\/\/www.ozeol.com\/#website"},"primaryImageOfPage":{"@id":"https:\/\/www.ozeol.com\/who-we-are\/#primaryimage"},"image":{"@id":"https:\/\/www.ozeol.com\/who-we-are\/#primaryimage"},"thumbnailUrl":"https:\/\/www.ozeol.com\/wp-content\/uploads\/2024\/11\/project-20-1.webp","datePublished":"2024-10-25T13:54:03+00:00","dateModified":"2025-05-16T09:52:23+00:00","breadcrumb":{"@id":"https:\/\/www.ozeol.com\/who-we-are\/#breadcrumb"},"inLanguage":"es","potentialAction":[{"@type":"ReadAction","target":["https:\/\/www.ozeol.com\/who-we-are\/"]}]},{"@type":"ImageObject","inLanguage":"es","@id":"https:\/\/www.ozeol.com\/who-we-are\/#primaryimage","url":"https:\/\/www.ozeol.com\/wp-content\/uploads\/2024\/11\/project-20-1.webp","contentUrl":"https:\/\/www.ozeol.com\/wp-content\/uploads\/2024\/11\/project-20-1.webp"},{"@type":"BreadcrumbList","@id":"https:\/\/www.ozeol.com\/who-we-are\/#breadcrumb","itemListElement":[{"@type":"ListItem","position":1,"name":"Home","item":"https:\/\/www.ozeol.com\/"},{"@type":"ListItem","position":2,"name":"Who we are\u00a0"}]},{"@type":"WebSite","@id":"https:\/\/www.ozeol.com\/#website","url":"https:\/\/www.ozeol.com\/","name":"Ozeol","description":"","publisher":{"@id":"https:\/\/www.ozeol.com\/#organization"},"potentialAction":[{"@type":"SearchAction","target":{"@type":"EntryPoint","urlTemplate":"https:\/\/www.ozeol.com\/?s={search_term_string}"},"query-input":{"@type":"PropertyValueSpecification","valueRequired":true,"valueName":"search_term_string"}}],"inLanguage":"es"},{"@type":"Organization","@id":"https:\/\/www.ozeol.com\/#organization","name":"Ozeol","url":"https:\/\/www.ozeol.com\/","logo":{"@type":"ImageObject","inLanguage":"es","@id":"https:\/\/www.ozeol.com\/#\/schema\/logo\/image\/","url":"https:\/\/www.ozeol.com\/wp-content\/uploads\/2024\/10\/logo-Ozeol-300x108-1-1.png","contentUrl":"https:\/\/www.ozeol.com\/wp-content\/uploads\/2024\/10\/logo-Ozeol-300x108-1-1.png","width":300,"height":108,"caption":"Ozeol"},"image":{"@id":"https:\/\/www.ozeol.com\/#\/schema\/logo\/image\/"}}]}},"_links":{"self":[{"href":"https:\/\/www.ozeol.com\/es\/wp-json\/wp\/v2\/pages\/1717","targetHints":{"allow":["GET"]}}],"collection":[{"href":"https:\/\/www.ozeol.com\/es\/wp-json\/wp\/v2\/pages"}],"about":[{"href":"https:\/\/www.ozeol.com\/es\/wp-json\/wp\/v2\/types\/page"}],"author":[{"embeddable":true,"href":"https:\/\/www.ozeol.com\/es\/wp-json\/wp\/v2\/users\/1"}],"replies":[{"embeddable":true,"href":"https:\/\/www.ozeol.com\/es\/wp-json\/wp\/v2\/comments?post=1717"}],"version-history":[{"count":0,"href":"https:\/\/www.ozeol.com\/es\/wp-json\/wp\/v2\/pages\/1717\/revisions"}],"wp:attachment":[{"href":"https:\/\/www.ozeol.com\/es\/wp-json\/wp\/v2\/media?parent=1717"}],"curies":[{"name":"wp","href":"https:\/\/api.w.org\/{rel}","templated":true}]}}